{"id":1453,"date":"2026-02-24T23:50:35","date_gmt":"2026-02-24T22:50:35","guid":{"rendered":"https:\/\/elecdomotique.fr\/?page_id=1453"},"modified":"2026-02-24T23:50:35","modified_gmt":"2026-02-24T22:50:35","slug":"entretien-de-climatisation-performance-hygiene-et-longevite","status":"publish","type":"page","link":"http:\/\/elecdomotique.fr\/?page_id=1453","title":{"rendered":"Entretien de Climatisation : Performance, Hygi\u00e8ne et Long\u00e9vit\u00e9"},"content":{"rendered":"\n<p>\u2744\ufe0f N\u2019attendez pas la panne : entretenez votre climatisation d\u00e8s maintenant ! \u2744\ufe0f<\/p>\n\n\n\n<p>Une climatisation mal entretenue, c\u2019est :<br>\u274c Plus de consommation \u00e9lectrique<br>\u274c Moins de performance<br>\u274c Risques de pannes co\u00fbteuses<br>\u274c Air charg\u00e9 en bact\u00e9ries et mauvaises odeurs<\/p>\n\n\n\n<p>Avec un entretien professionnel, vous garantissez :<br>\u2705 Un air plus sain pour votre famille<br>\u2705 Des \u00e9conomies d\u2019\u00e9nergie<br>\u2705 Une dur\u00e9e de vie prolong\u00e9e de votre \u00e9quipement<br>\u2705 Un fonctionnement optimal toute l\u2019ann\u00e9e<\/p>\n\n\n\n<p>\ud83d\udca1 Un simple entretien peut vous \u00e9viter des r\u00e9parations importantes.<\/p>\n\n\n\n<p>\ud83d\udcde Contactez-nous d\u00e8s aujourd\u2019hui pour votre entretien et profitez d\u2019un confort en toute s\u00e9r\u00e9nit\u00e9 !<\/p>\n\n\n\n<p>06 79 66 00 75 <\/p>\n\n\n\n<p><\/p>\n    <!-- sktbuilder starter --><script type=\"text\/javascript\" src=\"http:\/\/elecdomotique.fr\/wp-content\/plugins\/skt-builder\/sktbuilder\/sktbuilder-frontend-starter.js\"><\/script><script type=\"text\/javascript\" src=\"http:\/\/elecdomotique.fr\/wp-content\/plugins\/skt-builder\/sktbuilder-wordpress-driver.js\"><\/script><script type=\"text\/javascript\"> var starter = new SktbuilderStarter({\"mode\": \"prod\", \"skip\":[\"jquery\",\"underscore\",\"backbone\"],\"sktbuilderUrl\": \"http:\/\/elecdomotique.fr\/wp-content\/plugins\/skt-builder\/sktbuilder\/\", \"driver\": new SktbuilderWordpressDriver({\"ajaxUrl\": \"http:\/\/elecdomotique.fr\/wp-admin\/admin-ajax.php\", \"iframeUrl\": \"http:\/\/elecdomotique.fr\/?page_id=1453&sktbuilder=true\", \"pageId\": 1453, \"pages\": [{\"title\":\"ELECDOMOTIQUE - Climatisation, Electricit\\u00e9 g\\u00e9n\\u00e9rale & Confort thermique en Moselle Travail propre, installations durables et conseils personnalis\\u00e9s depuis 2013\",\"url\":\"http:\\\/\\\/elecdomotique.fr\\\/wp-admin\\\/post.php?post=73&action=sktbuilder\"},{\"title\":\"Climatisation Daikin : Confort, Silence et \\u00c9conomie d\\u2019\\u00c9nergie\",\"url\":\"http:\\\/\\\/elecdomotique.fr\\\/wp-admin\\\/post.php?post=1417&action=sktbuilder\"}], \"page\": \"Entretien de Climatisation : Performance, Hygi\u00e8ne et Long\u00e9vit\u00e9\" }) });<\/script><!-- end sktbuilder starter -->","protected":false},"excerpt":{"rendered":"<p>\u2744\ufe0f N\u2019attendez pas la panne : entretenez votre climatisation d\u00e8s maintenant ! \u2744\ufe0f Une climatisation mal entretenue, c\u2019est :\u274c Plus de consommation \u00e9lectrique\u274c Moins de performance\u274c Risques de pannes co\u00fbteuses\u274c Air charg\u00e9 en bact\u00e9ries et mauvaises odeurs Avec un entretien professionnel, vous garantissez :\u2705 Un air plus sain pour votre famille\u2705 Des \u00e9conomies d\u2019\u00e9nergie\u2705 Une [&hellip;]<\/p>\n","protected":false},"author":1,"featured_media":0,"parent":0,"menu_order":0,"comment_status":"closed","ping_status":"closed","template":"","meta":{"footnotes":""},"class_list":["post-1453","page","type-page","status-publish","hentry"],"_links":{"self":[{"href":"http:\/\/elecdomotique.fr\/index.php?rest_route=\/wp\/v2\/pages\/1453","targetHints":{"allow":["GET"]}}],"collection":[{"href":"http:\/\/elecdomotique.fr\/index.php?rest_route=\/wp\/v2\/pages"}],"about":[{"href":"http:\/\/elecdomotique.fr\/index.php?rest_route=\/wp\/v2\/types\/page"}],"author":[{"embeddable":true,"href":"http:\/\/elecdomotique.fr\/index.php?rest_route=\/wp\/v2\/users\/1"}],"replies":[{"embeddable":true,"href":"http:\/\/elecdomotique.fr\/index.php?rest_route=%2Fwp%2Fv2%2Fcomments&post=1453"}],"version-history":[{"count":0,"href":"http:\/\/elecdomotique.fr\/index.php?rest_route=\/wp\/v2\/pages\/1453\/revisions"}],"wp:attachment":[{"href":"http:\/\/elecdomotique.fr\/index.php?rest_route=%2Fwp%2Fv2%2Fmedia&parent=1453"}],"curies":[{"name":"wp","href":"https:\/\/api.w.org\/{rel}","templated":true}]}}