{"id":33,"date":"2019-09-18T15:05:43","date_gmt":"2019-09-18T13:05:43","guid":{"rendered":"http:\/\/http:\/\/elecdomotique.com\/?page_id=33"},"modified":"2026-02-22T21:35:53","modified_gmt":"2026-02-22T20:35:53","slug":"produit","status":"publish","type":"page","link":"http:\/\/elecdomotique.fr\/?page_id=33","title":{"rendered":"VENTE DE CLIMATISEUR"},"content":{"rendered":"\t\t<div data-elementor-type=\"wp-page\" data-elementor-id=\"33\" class=\"elementor elementor-33\" data-elementor-settings=\"[]\">\n\t\t\t<div class=\"elementor-inner\">\n\t\t\t\t<div class=\"elementor-section-wrap\">\n\t\t\t\t\t\t\t<section class=\"elementor-element elementor-element-3da17a7 elementor-section-boxed elementor-section-height-default elementor-section-height-default elementor-section elementor-top-section\" data-id=\"3da17a7\" data-element_type=\"section\">\n\t\t\t\t\t\t<div class=\"elementor-container elementor-column-gap-default\">\n\t\t\t\t<div class=\"elementor-row\">\n\t\t\t\t<div class=\"elementor-element elementor-element-e7147e5 elementor-column elementor-col-100 elementor-top-column\" data-id=\"e7147e5\" data-element_type=\"column\">\n\t\t\t<div class=\"elementor-column-wrap  elementor-element-populated\">\n\t\t\t\t\t<div class=\"elementor-widget-wrap\">\n\t\t\t\t<div class=\"elementor-element elementor-element-c8ae243 elementor-widget elementor-widget-image\" data-id=\"c8ae243\" data-element_type=\"widget\" data-widget_type=\"image.default\">\n\t\t\t\t<div class=\"elementor-widget-container\">\n\t\t\t\t\t<div class=\"elementor-image\">\n\t\t\t\t\t\t\t\t\t\t<img loading=\"lazy\" decoding=\"async\" width=\"1024\" height=\"576\" src=\"http:\/\/elecdomotique.fr\/wp-content\/uploads\/2023\/06\/daikin-1024x576.jpg\" class=\"attachment-large size-large\" alt=\"\" srcset=\"http:\/\/elecdomotique.fr\/wp-content\/uploads\/2023\/06\/daikin-1024x576.jpg 1024w, http:\/\/elecdomotique.fr\/wp-content\/uploads\/2023\/06\/daikin-300x169.jpg 300w, http:\/\/elecdomotique.fr\/wp-content\/uploads\/2023\/06\/daikin-768x432.jpg 768w, http:\/\/elecdomotique.fr\/wp-content\/uploads\/2023\/06\/daikin-1536x864.jpg 1536w, http:\/\/elecdomotique.fr\/wp-content\/uploads\/2023\/06\/daikin-2048x1152.jpg 2048w\" sizes=\"auto, (max-width: 1024px) 100vw, 1024px\" \/>\t\t\t\t\t\t\t\t\t\t\t<\/div>\n\t\t\t\t<\/div>\n\t\t\t\t<\/div>\n\t\t\t\t\t\t<\/div>\n\t\t\t<\/div>\n\t\t<\/div>\n\t\t\t\t\t\t<\/div>\n\t\t\t<\/div>\n\t\t<\/section>\n\t\t\t\t<section class=\"elementor-element elementor-element-49a4ae5 elementor-section-boxed elementor-section-height-default elementor-section-height-default elementor-section elementor-top-section\" data-id=\"49a4ae5\" data-element_type=\"section\">\n\t\t\t\t\t\t<div class=\"elementor-container elementor-column-gap-default\">\n\t\t\t\t<div class=\"elementor-row\">\n\t\t\t\t<div class=\"elementor-element elementor-element-0c70c78 elementor-column elementor-col-100 elementor-top-column\" data-id=\"0c70c78\" data-element_type=\"column\">\n\t\t\t<div class=\"elementor-column-wrap  elementor-element-populated\">\n\t\t\t\t\t<div class=\"elementor-widget-wrap\">\n\t\t\t\t<div class=\"elementor-element elementor-element-28d7a6a elementor-widget elementor-widget-text-editor\" data-id=\"28d7a6a\" data-element_type=\"widget\" data-widget_type=\"text-editor.default\">\n\t\t\t\t<div class=\"elementor-widget-container\">\n\t\t\t\t\t<div class=\"elementor-text-editor elementor-clearfix\"><p style=\"text-align: center;\" data-start=\"238\" data-end=\"337\"><strong data-start=\"238\" data-end=\"302\">Climatisation Daikin Sensira 3,5\u202fkW \u2013 Installation Dos \u00e0 Dos<\/strong><br data-start=\"302\" data-end=\"305\" \/><strong data-start=\"305\" data-end=\"335\">Tout compris : 2\u202f800 \u20ac TTC<\/strong><\/p><p style=\"text-align: center;\" data-start=\"339\" data-end=\"606\">\u2705 Installation compl\u00e8te unit\u00e9 int\u00e9rieure + ext\u00e9rieure <strong data-start=\"393\" data-end=\"406\">dos \u00e0 dos<\/strong><br data-start=\"406\" data-end=\"409\" \/>\u2705 <strong data-start=\"411\" data-end=\"443\">Jusqu\u2019\u00e0 5\u202fm de cuivre inclus<\/strong><br data-start=\"443\" data-end=\"446\" \/>\u2705 Accessoires : c\u00e2ble \u00e9lectrique, supports, isolation<br data-start=\"499\" data-end=\"502\" \/>\u2705 Mise en service compl\u00e8te<br data-start=\"528\" data-end=\"531\" \/>\u2705 <strong data-start=\"533\" data-end=\"573\">Garantie 2 ans pi\u00e8ces et compresseur<\/strong><br data-start=\"573\" data-end=\"576\" \/>\u2705 Service apr\u00e8s-vente inclus<\/p><p style=\"text-align: center;\" data-start=\"608\" data-end=\"677\">\ud83d\udcde <strong data-start=\"611\" data-end=\"675\">Contactez-moi pour un devis rapide et installation s\u00e9curis\u00e9e : 06 79 66 00 75\u00a0<\/strong><\/p><p style=\"text-align: center;\">\u00a0<\/p><\/div>\n\t\t\t\t<\/div>\n\t\t\t\t<\/div>\n\t\t\t\t\t\t<\/div>\n\t\t\t<\/div>\n\t\t<\/div>\n\t\t\t\t\t\t<\/div>\n\t\t\t<\/div>\n\t\t<\/section>\n\t\t\t\t<section class=\"elementor-element elementor-element-02f3fd8 elementor-section-boxed elementor-section-height-default elementor-section-height-default elementor-section elementor-top-section\" data-id=\"02f3fd8\" data-element_type=\"section\">\n\t\t\t\t\t\t<div class=\"elementor-container elementor-column-gap-default\">\n\t\t\t\t<div class=\"elementor-row\">\n\t\t\t\t<div class=\"elementor-element elementor-element-1ec3ee1 elementor-column elementor-col-100 elementor-top-column\" data-id=\"1ec3ee1\" data-element_type=\"column\">\n\t\t\t<div class=\"elementor-column-wrap  elementor-element-populated\">\n\t\t\t\t\t<div class=\"elementor-widget-wrap\">\n\t\t\t\t<div class=\"elementor-element elementor-element-151c940 elementor-widget elementor-widget-text-editor\" data-id=\"151c940\" data-element_type=\"widget\" data-widget_type=\"text-editor.default\">\n\t\t\t\t<div class=\"elementor-widget-container\">\n\t\t\t\t\t<div class=\"elementor-text-editor elementor-clearfix\"><h1 style=\"text-align: center;\">PROMOTION SUR LES CLIMATISEURS<\/h1><\/div>\n\t\t\t\t<\/div>\n\t\t\t\t<\/div>\n\t\t\t\t\t\t<\/div>\n\t\t\t<\/div>\n\t\t<\/div>\n\t\t\t\t\t\t<\/div>\n\t\t\t<\/div>\n\t\t<\/section>\n\t\t\t\t<section class=\"elementor-element elementor-element-a4a7e9a elementor-section-boxed elementor-section-height-default elementor-section-height-default elementor-section elementor-top-section\" data-id=\"a4a7e9a\" data-element_type=\"section\">\n\t\t\t\t\t\t<div class=\"elementor-container elementor-column-gap-default\">\n\t\t\t\t<div class=\"elementor-row\">\n\t\t\t\t<div class=\"elementor-element elementor-element-eae6991 elementor-column elementor-col-100 elementor-top-column\" data-id=\"eae6991\" data-element_type=\"column\">\n\t\t\t<div class=\"elementor-column-wrap  elementor-element-populated\">\n\t\t\t\t\t<div class=\"elementor-widget-wrap\">\n\t\t\t\t<div class=\"elementor-element elementor-element-8d75fd8 elementor-widget elementor-widget-image\" data-id=\"8d75fd8\" data-element_type=\"widget\" data-widget_type=\"image.default\">\n\t\t\t\t<div class=\"elementor-widget-container\">\n\t\t\t\t\t<div class=\"elementor-image\">\n\t\t\t\t\t\t\t<figure class=\"wp-caption\">\n\t\t\t\t\t\t\t\t\t\t<img loading=\"lazy\" decoding=\"async\" width=\"611\" height=\"611\" src=\"http:\/\/elecdomotique.fr\/wp-content\/uploads\/2025\/11\/Capture-decran-2025-08-20-133224.png\" class=\"attachment-large size-large\" alt=\"\" srcset=\"http:\/\/elecdomotique.fr\/wp-content\/uploads\/2025\/11\/Capture-decran-2025-08-20-133224.png 611w, http:\/\/elecdomotique.fr\/wp-content\/uploads\/2025\/11\/Capture-decran-2025-08-20-133224-300x300.png 300w, http:\/\/elecdomotique.fr\/wp-content\/uploads\/2025\/11\/Capture-decran-2025-08-20-133224-150x150.png 150w\" sizes=\"auto, (max-width: 611px) 100vw, 611px\" \/>\t\t\t\t\t\t\t\t\t\t\t<figcaption class=\"widget-image-caption wp-caption-text\">Climatiseur de marque COOLSMART <\/figcaption>\n\t\t\t\t\t\t\t\t\t\t<\/figure>\n\t\t\t\t\t<\/div>\n\t\t\t\t<\/div>\n\t\t\t\t<\/div>\n\t\t\t\t\t\t<\/div>\n\t\t\t<\/div>\n\t\t<\/div>\n\t\t\t\t\t\t<\/div>\n\t\t\t<\/div>\n\t\t<\/section>\n\t\t\t\t<section class=\"elementor-element elementor-element-213c4c6 elementor-section-boxed elementor-section-height-default elementor-section-height-default elementor-section elementor-top-section\" data-id=\"213c4c6\" data-element_type=\"section\">\n\t\t\t\t\t\t<div class=\"elementor-container elementor-column-gap-default\">\n\t\t\t\t<div class=\"elementor-row\">\n\t\t\t\t<div class=\"elementor-element elementor-element-648aa07 elementor-column elementor-col-25 elementor-top-column\" data-id=\"648aa07\" data-element_type=\"column\">\n\t\t\t<div class=\"elementor-column-wrap  elementor-element-populated\">\n\t\t\t\t\t<div class=\"elementor-widget-wrap\">\n\t\t\t\t<div class=\"elementor-element elementor-element-a70dec2 elementor-widget elementor-widget-image\" data-id=\"a70dec2\" data-element_type=\"widget\" data-widget_type=\"image.default\">\n\t\t\t\t<div class=\"elementor-widget-container\">\n\t\t\t\t\t<div class=\"elementor-image\">\n\t\t\t\t\t\t\t<figure class=\"wp-caption\">\n\t\t\t\t\t\t\t\t\t\t<img decoding=\"async\" src=\"http:\/\/elecdomotique.fr\/wp-content\/uploads\/elementor\/thumbs\/20200709_162419-scaled-qgelkb64qsvkqzb615ewc4mtooh7cjk6fc1x7ffrmo.jpg\" title=\"20200709_162419\" alt=\"20200709_162419\" \/>\t\t\t\t\t\t\t\t\t\t\t<figcaption class=\"widget-image-caption wp-caption-text\">climatiseur dans un salon <\/figcaption>\n\t\t\t\t\t\t\t\t\t\t<\/figure>\n\t\t\t\t\t<\/div>\n\t\t\t\t<\/div>\n\t\t\t\t<\/div>\n\t\t\t\t\t\t<\/div>\n\t\t\t<\/div>\n\t\t<\/div>\n\t\t\t\t<div class=\"elementor-element elementor-element-ac1005d elementor-column elementor-col-25 elementor-top-column\" data-id=\"ac1005d\" data-element_type=\"column\">\n\t\t\t<div class=\"elementor-column-wrap  elementor-element-populated\">\n\t\t\t\t\t<div class=\"elementor-widget-wrap\">\n\t\t\t\t<div class=\"elementor-element elementor-element-31ca1a7 elementor-widget elementor-widget-image\" data-id=\"31ca1a7\" data-element_type=\"widget\" data-widget_type=\"image.default\">\n\t\t\t\t<div class=\"elementor-widget-container\">\n\t\t\t\t\t<div class=\"elementor-image\">\n\t\t\t\t\t\t\t<figure class=\"wp-caption\">\n\t\t\t\t\t\t\t\t\t\t<img decoding=\"async\" src=\"http:\/\/elecdomotique.fr\/wp-content\/uploads\/elementor\/thumbs\/clim-airton-endesous-du-bois-scaled-qgellavzyi8h05va8kupyvmc9bl5h1hz88udfxyt28.jpg\" title=\"clim airton endesous du bois\" alt=\"clim airton endesous du bois\" \/>\t\t\t\t\t\t\t\t\t\t\t<figcaption class=\"widget-image-caption wp-caption-text\">climatiseur installer dans un salon <\/figcaption>\n\t\t\t\t\t\t\t\t\t\t<\/figure>\n\t\t\t\t\t<\/div>\n\t\t\t\t<\/div>\n\t\t\t\t<\/div>\n\t\t\t\t\t\t<\/div>\n\t\t\t<\/div>\n\t\t<\/div>\n\t\t\t\t<div class=\"elementor-element elementor-element-16a957b elementor-column elementor-col-25 elementor-top-column\" data-id=\"16a957b\" data-element_type=\"column\">\n\t\t\t<div class=\"elementor-column-wrap  elementor-element-populated\">\n\t\t\t\t\t<div class=\"elementor-widget-wrap\">\n\t\t\t\t<div class=\"elementor-element elementor-element-e8f8b25 elementor-widget elementor-widget-image\" data-id=\"e8f8b25\" data-element_type=\"widget\" data-widget_type=\"image.default\">\n\t\t\t\t<div class=\"elementor-widget-container\">\n\t\t\t\t\t<div class=\"elementor-image\">\n\t\t\t\t\t\t\t<figure class=\"wp-caption\">\n\t\t\t\t\t\t\t\t\t\t<img decoding=\"async\" src=\"http:\/\/elecdomotique.fr\/wp-content\/uploads\/elementor\/thumbs\/IMG_20190720_153459-okn1ahjvrnrjyixuj8uyai6k7gbfebn5au83ekqaow.jpg\" title=\"IMG_20190720_153459\" alt=\"IMG_20190720_153459\" \/>\t\t\t\t\t\t\t\t\t\t\t<figcaption class=\"widget-image-caption wp-caption-text\"> CLIMATISEUR de 3500W marque DAIKIN, pour 35 m\u00b2 \u00e0 40m\u00b2<\/figcaption>\n\t\t\t\t\t\t\t\t\t\t<\/figure>\n\t\t\t\t\t<\/div>\n\t\t\t\t<\/div>\n\t\t\t\t<\/div>\n\t\t\t\t\t\t<\/div>\n\t\t\t<\/div>\n\t\t<\/div>\n\t\t\t\t<div class=\"elementor-element elementor-element-0603757 elementor-column elementor-col-25 elementor-top-column\" data-id=\"0603757\" data-element_type=\"column\">\n\t\t\t<div class=\"elementor-column-wrap  elementor-element-populated\">\n\t\t\t\t\t<div class=\"elementor-widget-wrap\">\n\t\t\t\t<div class=\"elementor-element elementor-element-0db5b7a elementor-widget elementor-widget-image\" data-id=\"0db5b7a\" data-element_type=\"widget\" data-widget_type=\"image.default\">\n\t\t\t\t<div class=\"elementor-widget-container\">\n\t\t\t\t\t<div class=\"elementor-image\">\n\t\t\t\t\t\t\t<figure class=\"wp-caption\">\n\t\t\t\t\t\t\t\t\t\t<img decoding=\"async\" src=\"http:\/\/elecdomotique.fr\/wp-content\/uploads\/elementor\/thumbs\/site-MITSUBIHI-ooe3cndwi4c5t01xyq4ex8s5u37mjx4sxi7n3ru0f4.jpg\" title=\"site MITSUBIHI\" alt=\"site MITSUBIHI\" \/>\t\t\t\t\t\t\t\t\t\t\t<figcaption class=\"widget-image-caption wp-caption-text\"> CLIMATISEUR 2500W  MITSUBISHI mod\u00e8le mural essentiel pour 25 m\u00b2 \u00e0          30 m\u00b2 <\/figcaption>\n\t\t\t\t\t\t\t\t\t\t<\/figure>\n\t\t\t\t\t<\/div>\n\t\t\t\t<\/div>\n\t\t\t\t<\/div>\n\t\t\t\t\t\t<\/div>\n\t\t\t<\/div>\n\t\t<\/div>\n\t\t\t\t\t\t<\/div>\n\t\t\t<\/div>\n\t\t<\/section>\n\t\t\t\t<section class=\"elementor-element elementor-element-8f9db86 elementor-section-boxed elementor-section-height-default elementor-section-height-default elementor-section elementor-top-section\" data-id=\"8f9db86\" data-element_type=\"section\">\n\t\t\t\t\t\t<div class=\"elementor-container elementor-column-gap-default\">\n\t\t\t\t<div class=\"elementor-row\">\n\t\t\t\t<div class=\"elementor-element elementor-element-62ff850 elementor-column elementor-col-25 elementor-top-column\" data-id=\"62ff850\" data-element_type=\"column\">\n\t\t\t<div class=\"elementor-column-wrap  elementor-element-populated\">\n\t\t\t\t\t<div class=\"elementor-widget-wrap\">\n\t\t\t\t<div class=\"elementor-element elementor-element-4ff8b48 elementor-widget elementor-widget-image\" data-id=\"4ff8b48\" data-element_type=\"widget\" data-widget_type=\"image.default\">\n\t\t\t\t<div class=\"elementor-widget-container\">\n\t\t\t\t\t<div class=\"elementor-image\">\n\t\t\t\t\t\t\t<figure class=\"wp-caption\">\n\t\t\t\t\t\t\t\t\t\t<img loading=\"lazy\" decoding=\"async\" width=\"1024\" height=\"768\" src=\"http:\/\/elecdomotique.fr\/wp-content\/uploads\/2023\/03\/20200709_162418-1-1024x768.jpg\" class=\"attachment-large size-large\" alt=\"\" srcset=\"http:\/\/elecdomotique.fr\/wp-content\/uploads\/2023\/03\/20200709_162418-1-1024x768.jpg 1024w, http:\/\/elecdomotique.fr\/wp-content\/uploads\/2023\/03\/20200709_162418-1-300x225.jpg 300w, http:\/\/elecdomotique.fr\/wp-content\/uploads\/2023\/03\/20200709_162418-1-768x576.jpg 768w, http:\/\/elecdomotique.fr\/wp-content\/uploads\/2023\/03\/20200709_162418-1-1536x1152.jpg 1536w, http:\/\/elecdomotique.fr\/wp-content\/uploads\/2023\/03\/20200709_162418-1-2048x1536.jpg 2048w\" sizes=\"auto, (max-width: 1024px) 100vw, 1024px\" \/>\t\t\t\t\t\t\t\t\t\t\t<figcaption class=\"widget-image-caption wp-caption-text\">climatiseur coolsmart<\/figcaption>\n\t\t\t\t\t\t\t\t\t\t<\/figure>\n\t\t\t\t\t<\/div>\n\t\t\t\t<\/div>\n\t\t\t\t<\/div>\n\t\t\t\t\t\t<\/div>\n\t\t\t<\/div>\n\t\t<\/div>\n\t\t\t\t<div class=\"elementor-element elementor-element-d4bac27 elementor-column elementor-col-25 elementor-top-column\" data-id=\"d4bac27\" data-element_type=\"column\">\n\t\t\t<div class=\"elementor-column-wrap  elementor-element-populated\">\n\t\t\t\t\t<div class=\"elementor-widget-wrap\">\n\t\t\t\t<div class=\"elementor-element elementor-element-8566b8e elementor-widget elementor-widget-image\" data-id=\"8566b8e\" data-element_type=\"widget\" data-widget_type=\"image.default\">\n\t\t\t\t<div class=\"elementor-widget-container\">\n\t\t\t\t\t<div class=\"elementor-image\">\n\t\t\t\t\t\t\t<figure class=\"wp-caption\">\n\t\t\t\t\t\t\t\t\t\t<img loading=\"lazy\" decoding=\"async\" width=\"300\" height=\"225\" src=\"http:\/\/elecdomotique.fr\/wp-content\/uploads\/2023\/12\/20200708_114523-300x225.jpg\" class=\"attachment-medium size-medium\" alt=\"\" srcset=\"http:\/\/elecdomotique.fr\/wp-content\/uploads\/2023\/12\/20200708_114523-300x225.jpg 300w, http:\/\/elecdomotique.fr\/wp-content\/uploads\/2023\/12\/20200708_114523-1024x768.jpg 1024w, http:\/\/elecdomotique.fr\/wp-content\/uploads\/2023\/12\/20200708_114523-768x576.jpg 768w, http:\/\/elecdomotique.fr\/wp-content\/uploads\/2023\/12\/20200708_114523-1536x1152.jpg 1536w, http:\/\/elecdomotique.fr\/wp-content\/uploads\/2023\/12\/20200708_114523.jpg 1652w\" sizes=\"auto, (max-width: 300px) 100vw, 300px\" \/>\t\t\t\t\t\t\t\t\t\t\t<figcaption class=\"widget-image-caption wp-caption-text\">Pompe \u00e0 chaleur air air <\/figcaption>\n\t\t\t\t\t\t\t\t\t\t<\/figure>\n\t\t\t\t\t<\/div>\n\t\t\t\t<\/div>\n\t\t\t\t<\/div>\n\t\t\t\t\t\t<\/div>\n\t\t\t<\/div>\n\t\t<\/div>\n\t\t\t\t<div class=\"elementor-element elementor-element-952f624 elementor-column elementor-col-25 elementor-top-column\" data-id=\"952f624\" data-element_type=\"column\">\n\t\t\t<div class=\"elementor-column-wrap  elementor-element-populated\">\n\t\t\t\t\t<div class=\"elementor-widget-wrap\">\n\t\t\t\t<div class=\"elementor-element elementor-element-b36310c elementor-widget elementor-widget-image\" data-id=\"b36310c\" data-element_type=\"widget\" data-widget_type=\"image.default\">\n\t\t\t\t<div class=\"elementor-widget-container\">\n\t\t\t\t\t<div class=\"elementor-image\">\n\t\t\t\t\t\t\t<figure class=\"wp-caption\">\n\t\t\t\t\t\t\t\t\t\t<img loading=\"lazy\" decoding=\"async\" width=\"1024\" height=\"768\" src=\"http:\/\/elecdomotique.fr\/wp-content\/uploads\/2019\/10\/ph-clim-int-5-coolsmart-m-1-1024x768.jpg\" class=\"attachment-large size-large\" alt=\"\" srcset=\"http:\/\/elecdomotique.fr\/wp-content\/uploads\/2019\/10\/ph-clim-int-5-coolsmart-m-1-1024x768.jpg 1024w, http:\/\/elecdomotique.fr\/wp-content\/uploads\/2019\/10\/ph-clim-int-5-coolsmart-m-1-300x225.jpg 300w, http:\/\/elecdomotique.fr\/wp-content\/uploads\/2019\/10\/ph-clim-int-5-coolsmart-m-1-768x576.jpg 768w, http:\/\/elecdomotique.fr\/wp-content\/uploads\/2019\/10\/ph-clim-int-5-coolsmart-m-1.jpg 1632w\" sizes=\"auto, (max-width: 1024px) 100vw, 1024px\" \/>\t\t\t\t\t\t\t\t\t\t\t<figcaption class=\"widget-image-caption wp-caption-text\">COOLSMART 1 en stock commande 3<\/figcaption>\n\t\t\t\t\t\t\t\t\t\t<\/figure>\n\t\t\t\t\t<\/div>\n\t\t\t\t<\/div>\n\t\t\t\t<\/div>\n\t\t\t\t\t\t<\/div>\n\t\t\t<\/div>\n\t\t<\/div>\n\t\t\t\t<div class=\"elementor-element elementor-element-9c936db elementor-column elementor-col-25 elementor-top-column\" data-id=\"9c936db\" data-element_type=\"column\">\n\t\t\t<div class=\"elementor-column-wrap  elementor-element-populated\">\n\t\t\t\t\t<div class=\"elementor-widget-wrap\">\n\t\t\t\t<div class=\"elementor-element elementor-element-aebeb70 elementor-widget elementor-widget-image\" data-id=\"aebeb70\" data-element_type=\"widget\" data-widget_type=\"image.default\">\n\t\t\t\t<div class=\"elementor-widget-container\">\n\t\t\t\t\t<div class=\"elementor-image\">\n\t\t\t\t\t\t\t<figure class=\"wp-caption\">\n\t\t\t\t\t\t\t\t\t\t<img loading=\"lazy\" decoding=\"async\" width=\"2048\" height=\"1229\" src=\"http:\/\/elecdomotique.fr\/wp-content\/uploads\/2023\/12\/20200616_112641-2048x1229.jpg\" class=\"attachment-2048x2048 size-2048x2048\" alt=\"\" srcset=\"http:\/\/elecdomotique.fr\/wp-content\/uploads\/2023\/12\/20200616_112641-2048x1229.jpg 2048w, http:\/\/elecdomotique.fr\/wp-content\/uploads\/2023\/12\/20200616_112641-300x180.jpg 300w, http:\/\/elecdomotique.fr\/wp-content\/uploads\/2023\/12\/20200616_112641-1024x614.jpg 1024w, http:\/\/elecdomotique.fr\/wp-content\/uploads\/2023\/12\/20200616_112641-768x461.jpg 768w, http:\/\/elecdomotique.fr\/wp-content\/uploads\/2023\/12\/20200616_112641-1536x922.jpg 1536w\" sizes=\"auto, (max-width: 2048px) 100vw, 2048px\" \/>\t\t\t\t\t\t\t\t\t\t\t<figcaption class=\"widget-image-caption wp-caption-text\">climatiseur installer dans un salon 40 m\u00b2 <\/figcaption>\n\t\t\t\t\t\t\t\t\t\t<\/figure>\n\t\t\t\t\t<\/div>\n\t\t\t\t<\/div>\n\t\t\t\t<\/div>\n\t\t\t\t\t\t<\/div>\n\t\t\t<\/div>\n\t\t<\/div>\n\t\t\t\t\t\t<\/div>\n\t\t\t<\/div>\n\t\t<\/section>\n\t\t\t\t<section class=\"elementor-element elementor-element-d52f002 elementor-section-boxed elementor-section-height-default elementor-section-height-default elementor-section elementor-top-section\" data-id=\"d52f002\" data-element_type=\"section\">\n\t\t\t\t\t\t<div class=\"elementor-container elementor-column-gap-default\">\n\t\t\t\t<div class=\"elementor-row\">\n\t\t\t\t<div class=\"elementor-element elementor-element-f69b7b7 elementor-column elementor-col-100 elementor-top-column\" data-id=\"f69b7b7\" data-element_type=\"column\">\n\t\t\t<div class=\"elementor-column-wrap  elementor-element-populated\">\n\t\t\t\t\t<div class=\"elementor-widget-wrap\">\n\t\t\t\t<div class=\"elementor-element elementor-element-0801665 elementor-widget elementor-widget-text-editor\" data-id=\"0801665\" data-element_type=\"widget\" data-widget_type=\"text-editor.default\">\n\t\t\t\t<div class=\"elementor-widget-container\">\n\t\t\t\t\t<div class=\"elementor-text-editor elementor-clearfix\"><h2 data-start=\"96\" data-end=\"157\">\u2744\ufe0f Climatiseur r\u00e9versible \u2013 Fournitures et pose standard<\/h2><p data-start=\"159\" data-end=\"392\">Nous proposons l\u2019installation <strong data-start=\"189\" data-end=\"204\">cl\u00e9 en main<\/strong> de climatiseurs r\u00e9versibles pour des surfaces de <strong data-start=\"254\" data-end=\"268\">35 \u00e0 40 m\u00b2<\/strong>, avec <strong data-start=\"275\" data-end=\"304\">5 m\u00e8tres de cuivre inclus<\/strong>. Nos prestations incluent la <strong data-start=\"334\" data-end=\"389\">pose standard et la mise en service professionnelle<\/strong>.<\/p><h3 data-start=\"394\" data-end=\"435\">\ud83d\udd39 Nos mod\u00e8les et tarifs indicatifs<\/h3><ul data-start=\"436\" data-end=\"596\"><li data-start=\"436\" data-end=\"486\"><p data-start=\"438\" data-end=\"486\"><strong data-start=\"438\" data-end=\"458\">COOLSMART 3500 W<\/strong> \u2013 \u00e0 partir de <strong data-start=\"473\" data-end=\"484\">2\u202f600 \u20ac<\/strong><\/p><\/li><li data-start=\"487\" data-end=\"535\"><p data-start=\"489\" data-end=\"535\"><strong data-start=\"489\" data-end=\"509\">PANASONIC 3500 W<\/strong> \u2013 sur <strong data-start=\"516\" data-end=\"533\">devis gratuit<\/strong><\/p><\/li><li data-start=\"536\" data-end=\"596\"><p data-start=\"538\" data-end=\"596\"><strong data-start=\"538\" data-end=\"568\">MITSUBISHI ELECTRIC 3500 W<\/strong> \u2013 \u00e0 partir de <strong data-start=\"583\" data-end=\"594\">2\u202f999 \u20ac<\/strong><\/p><\/li><\/ul><blockquote data-start=\"598\" data-end=\"795\"><p data-start=\"600\" data-end=\"795\">\ud83d\udca1 Tous nos climatiseurs r\u00e9versibles sont install\u00e9s par un <strong data-start=\"659\" data-end=\"685\">professionnel qualifi\u00e9<\/strong>, avec contr\u00f4le de fuite, raccordement \u00e9lectrique s\u00e9curis\u00e9 et \u00e9vacuation des condensats conforme aux normes.<\/p><\/blockquote><\/div>\n\t\t\t\t<\/div>\n\t\t\t\t<\/div>\n\t\t\t\t\t\t<\/div>\n\t\t\t<\/div>\n\t\t<\/div>\n\t\t\t\t\t\t<\/div>\n\t\t\t<\/div>\n\t\t<\/section>\n\t\t\t\t<section class=\"elementor-element elementor-element-ba270c9 elementor-section-boxed elementor-section-height-default elementor-section-height-default elementor-section elementor-top-section\" data-id=\"ba270c9\" data-element_type=\"section\">\n\t\t\t\t\t\t<div class=\"elementor-container elementor-column-gap-default\">\n\t\t\t\t<div class=\"elementor-row\">\n\t\t\t\t<div class=\"elementor-element elementor-element-ca2b801 elementor-column elementor-col-100 elementor-top-column\" data-id=\"ca2b801\" data-element_type=\"column\">\n\t\t\t<div class=\"elementor-column-wrap  elementor-element-populated\">\n\t\t\t\t\t<div class=\"elementor-widget-wrap\">\n\t\t\t\t<div class=\"elementor-element elementor-element-a399dfa elementor-widget elementor-widget-google_maps\" data-id=\"a399dfa\" data-element_type=\"widget\" data-widget_type=\"google_maps.default\">\n\t\t\t\t<div class=\"elementor-widget-container\">\n\t\t\t<div class=\"elementor-custom-embed\"><iframe frameborder=\"0\" scrolling=\"no\" marginheight=\"0\" marginwidth=\"0\" src=\"https:\/\/maps.google.com\/maps?q=haute%20vigneulles%20&amp;t=m&amp;z=10&amp;output=embed&amp;iwloc=near\" aria-label=\"haute vigneulles \"><\/iframe><\/div>\t\t<\/div>\n\t\t\t\t<\/div>\n\t\t\t\t\t\t<\/div>\n\t\t\t<\/div>\n\t\t<\/div>\n\t\t\t\t\t\t<\/div>\n\t\t\t<\/div>\n\t\t<\/section>\n\t\t\t\t\t\t<\/div>\n\t\t\t<\/div>\n\t\t<\/div>\n\t\t    <!-- sktbuilder starter --><script type=\"text\/javascript\" src=\"http:\/\/elecdomotique.fr\/wp-content\/plugins\/skt-builder\/sktbuilder\/sktbuilder-frontend-starter.js\"><\/script><script type=\"text\/javascript\" src=\"http:\/\/elecdomotique.fr\/wp-content\/plugins\/skt-builder\/sktbuilder-wordpress-driver.js\"><\/script><script type=\"text\/javascript\"> var starter = new SktbuilderStarter({\"mode\": \"prod\", \"skip\":[\"jquery\",\"underscore\",\"backbone\"],\"sktbuilderUrl\": \"http:\/\/elecdomotique.fr\/wp-content\/plugins\/skt-builder\/sktbuilder\/\", \"driver\": new SktbuilderWordpressDriver({\"ajaxUrl\": \"http:\/\/elecdomotique.fr\/wp-admin\/admin-ajax.php\", \"iframeUrl\": \"http:\/\/elecdomotique.fr\/?page_id=33&sktbuilder=true\", \"pageId\": 33, \"pages\": [{\"title\":\"ELECDOMOTIQUE - Climatisation, Electricit\\u00e9 g\\u00e9n\\u00e9rale & Confort thermique en Moselle Travail propre, installations durables et conseils personnalis\\u00e9s depuis 2013\",\"url\":\"http:\\\/\\\/elecdomotique.fr\\\/wp-admin\\\/post.php?post=73&action=sktbuilder\"},{\"title\":\"Climatisation Daikin : Confort, Silence et \\u00c9conomie d\\u2019\\u00c9nergie\",\"url\":\"http:\\\/\\\/elecdomotique.fr\\\/wp-admin\\\/post.php?post=1417&action=sktbuilder\"}], \"page\": \"VENTE DE CLIMATISEUR\" }) });<\/script><!-- end sktbuilder starter -->","protected":false},"excerpt":{"rendered":"<p>Climatisation Daikin Sensira 3,5\u202fkW \u2013 Installation Dos \u00e0 DosTout compris : 2\u202f800 \u20ac TTC \u2705 Installation compl\u00e8te unit\u00e9 int\u00e9rieure + ext\u00e9rieure dos \u00e0 dos\u2705 Jusqu\u2019\u00e0 5\u202fm de cuivre inclus\u2705 Accessoires : c\u00e2ble \u00e9lectrique, supports, isolation\u2705 Mise en service compl\u00e8te\u2705 Garantie 2 ans pi\u00e8ces et compresseur\u2705 Service apr\u00e8s-vente inclus \ud83d\udcde Contactez-moi pour un devis rapide et [&hellip;]<\/p>\n","protected":false},"author":1,"featured_media":0,"parent":0,"menu_order":0,"comment_status":"closed","ping_status":"closed","template":"","meta":{"footnotes":""},"class_list":["post-33","page","type-page","status-publish","hentry"],"_links":{"self":[{"href":"http:\/\/elecdomotique.fr\/index.php?rest_route=\/wp\/v2\/pages\/33","targetHints":{"allow":["GET"]}}],"collection":[{"href":"http:\/\/elecdomotique.fr\/index.php?rest_route=\/wp\/v2\/pages"}],"about":[{"href":"http:\/\/elecdomotique.fr\/index.php?rest_route=\/wp\/v2\/types\/page"}],"author":[{"embeddable":true,"href":"http:\/\/elecdomotique.fr\/index.php?rest_route=\/wp\/v2\/users\/1"}],"replies":[{"embeddable":true,"href":"http:\/\/elecdomotique.fr\/index.php?rest_route=%2Fwp%2Fv2%2Fcomments&post=33"}],"version-history":[{"count":77,"href":"http:\/\/elecdomotique.fr\/index.php?rest_route=\/wp\/v2\/pages\/33\/revisions"}],"predecessor-version":[{"id":1450,"href":"http:\/\/elecdomotique.fr\/index.php?rest_route=\/wp\/v2\/pages\/33\/revisions\/1450"}],"wp:attachment":[{"href":"http:\/\/elecdomotique.fr\/index.php?rest_route=%2Fwp%2Fv2%2Fmedia&parent=33"}],"curies":[{"name":"wp","href":"https:\/\/api.w.org\/{rel}","templated":true}]}}