{"id":52,"date":"2019-09-18T16:50:10","date_gmt":"2019-09-18T14:50:10","guid":{"rendered":"http:\/\/http:\/\/elecdomotique.com\/?page_id=52"},"modified":"2026-02-10T23:13:05","modified_gmt":"2026-02-10T22:13:05","slug":"installation-pose-mise-en-service","status":"publish","type":"page","link":"http:\/\/elecdomotique.fr\/?page_id=52","title":{"rendered":"MISE EN SERVICE"},"content":{"rendered":"\t\t<div data-elementor-type=\"wp-page\" data-elementor-id=\"52\" class=\"elementor elementor-52\" data-elementor-settings=\"[]\">\n\t\t\t<div class=\"elementor-inner\">\n\t\t\t\t<div class=\"elementor-section-wrap\">\n\t\t\t\t\t\t\t<section class=\"elementor-element elementor-element-2241fb0 elementor-section-boxed elementor-section-height-default elementor-section-height-default elementor-section elementor-top-section\" data-id=\"2241fb0\" data-element_type=\"section\">\n\t\t\t\t\t\t<div class=\"elementor-container elementor-column-gap-default\">\n\t\t\t\t<div class=\"elementor-row\">\n\t\t\t\t<div class=\"elementor-element elementor-element-b27ed24 elementor-column elementor-col-100 elementor-top-column\" data-id=\"b27ed24\" data-element_type=\"column\">\n\t\t\t<div class=\"elementor-column-wrap  elementor-element-populated\">\n\t\t\t\t\t<div class=\"elementor-widget-wrap\">\n\t\t\t\t<div class=\"elementor-element elementor-element-a563206 elementor-widget elementor-widget-heading\" data-id=\"a563206\" data-element_type=\"widget\" data-widget_type=\"heading.default\">\n\t\t\t\t<div class=\"elementor-widget-container\">\n\t\t\t<h2 class=\"elementor-heading-title elementor-size-default\">Proc\u00e9dure de mise en service climatiseur Moselle \u2013 Installation par professionnel qualifi\u00e9<\/h2>\t\t<\/div>\n\t\t\t\t<\/div>\n\t\t\t\t\t\t<\/div>\n\t\t\t<\/div>\n\t\t<\/div>\n\t\t\t\t\t\t<\/div>\n\t\t\t<\/div>\n\t\t<\/section>\n\t\t\t\t<section class=\"elementor-element elementor-element-0f2f23d elementor-section-boxed elementor-section-height-default elementor-section-height-default elementor-section elementor-top-section\" data-id=\"0f2f23d\" data-element_type=\"section\">\n\t\t\t\t\t\t<div class=\"elementor-container elementor-column-gap-default\">\n\t\t\t\t<div class=\"elementor-row\">\n\t\t\t\t<div class=\"elementor-element elementor-element-3f51f66 elementor-column elementor-col-50 elementor-top-column\" data-id=\"3f51f66\" data-element_type=\"column\">\n\t\t\t<div class=\"elementor-column-wrap  elementor-element-populated\">\n\t\t\t\t\t<div class=\"elementor-widget-wrap\">\n\t\t\t\t<div class=\"elementor-element elementor-element-83c2c8a elementor-widget elementor-widget-image\" data-id=\"83c2c8a\" data-element_type=\"widget\" data-widget_type=\"image.default\">\n\t\t\t\t<div class=\"elementor-widget-container\">\n\t\t\t\t\t<div class=\"elementor-image\">\n\t\t\t\t\t\t\t<figure class=\"wp-caption\">\n\t\t\t\t\t\t\t\t\t\t<img decoding=\"async\" src=\"http:\/\/elecdomotique.fr\/wp-content\/uploads\/elementor\/thumbs\/PHOT-CLI-INT-COOLSMART-OUVERT-11-r-oi0j3a9aqmyxputd1xq9updyp0ptq3p5b2k9t5v540.jpg\" title=\"PHOT CLI INT COOLSMART OUVERT 11 r\" alt=\"PHOT CLI INT COOLSMART OUVERT 11 r\" \/>\t\t\t\t\t\t\t\t\t\t\t<figcaption class=\"widget-image-caption wp-caption-text\">UNIT\u00c9 INT\u00c9RIEURE CLIMATISEUR MONO-SPLIT, en attente de mise en service <\/figcaption>\n\t\t\t\t\t\t\t\t\t\t<\/figure>\n\t\t\t\t\t<\/div>\n\t\t\t\t<\/div>\n\t\t\t\t<\/div>\n\t\t\t\t\t\t<\/div>\n\t\t\t<\/div>\n\t\t<\/div>\n\t\t\t\t<div class=\"elementor-element elementor-element-deffafc elementor-column elementor-col-50 elementor-top-column\" data-id=\"deffafc\" data-element_type=\"column\">\n\t\t\t<div class=\"elementor-column-wrap  elementor-element-populated\">\n\t\t\t\t\t<div class=\"elementor-widget-wrap\">\n\t\t\t\t<div class=\"elementor-element elementor-element-12fa993 elementor-widget elementor-widget-image\" data-id=\"12fa993\" data-element_type=\"widget\" data-widget_type=\"image.default\">\n\t\t\t\t<div class=\"elementor-widget-container\">\n\t\t\t\t\t<div class=\"elementor-image\">\n\t\t\t\t\t\t\t<figure class=\"wp-caption\">\n\t\t\t\t\t\t\t\t\t\t<img decoding=\"async\" src=\"http:\/\/elecdomotique.fr\/wp-content\/uploads\/elementor\/thumbs\/mise-en-service-2-ooe6k12pf0a8xugh83kshmm2vsimee6nsl2atiran4.jpg\" title=\"mise en service 2\" alt=\"mise en service 2\" \/>\t\t\t\t\t\t\t\t\t\t\t<figcaption class=\"widget-image-caption wp-caption-text\">UNIT\u00c9 EXT\u00c9RIEURE CLIMATISEUR  MONO-SPLIT, en attente de mise en service <\/figcaption>\n\t\t\t\t\t\t\t\t\t\t<\/figure>\n\t\t\t\t\t<\/div>\n\t\t\t\t<\/div>\n\t\t\t\t<\/div>\n\t\t\t\t\t\t<\/div>\n\t\t\t<\/div>\n\t\t<\/div>\n\t\t\t\t\t\t<\/div>\n\t\t\t<\/div>\n\t\t<\/section>\n\t\t\t\t<section class=\"elementor-element elementor-element-7bea2e2 elementor-section-boxed elementor-section-height-default elementor-section-height-default elementor-section elementor-top-section\" data-id=\"7bea2e2\" data-element_type=\"section\">\n\t\t\t\t\t\t<div class=\"elementor-container elementor-column-gap-default\">\n\t\t\t\t<div class=\"elementor-row\">\n\t\t\t\t<div class=\"elementor-element elementor-element-fb90013 elementor-column elementor-col-50 elementor-top-column\" data-id=\"fb90013\" data-element_type=\"column\">\n\t\t\t<div class=\"elementor-column-wrap  elementor-element-populated\">\n\t\t\t\t\t<div class=\"elementor-widget-wrap\">\n\t\t\t\t<div class=\"elementor-element elementor-element-d604ff0 elementor-widget elementor-widget-image\" data-id=\"d604ff0\" data-element_type=\"widget\" data-widget_type=\"image.default\">\n\t\t\t\t<div class=\"elementor-widget-container\">\n\t\t\t\t\t<div class=\"elementor-image\">\n\t\t\t\t\t\t\t<figure class=\"wp-caption\">\n\t\t\t\t\t\t\t\t\t\t<img decoding=\"async\" src=\"http:\/\/elecdomotique.fr\/wp-content\/uploads\/elementor\/thumbs\/20200423_112016-e1588066047931-ooq6lr2wca69a55dqut7hb1u7undscd15ukkstmjd4.jpg\" title=\"20200423_112016\" alt=\"20200423_112016\" \/>\t\t\t\t\t\t\t\t\t\t\t<figcaption class=\"widget-image-caption wp-caption-text\">Raccordement du cuivre sur l'unit\u00e9 ext\u00e9rieure <\/figcaption>\n\t\t\t\t\t\t\t\t\t\t<\/figure>\n\t\t\t\t\t<\/div>\n\t\t\t\t<\/div>\n\t\t\t\t<\/div>\n\t\t\t\t\t\t<\/div>\n\t\t\t<\/div>\n\t\t<\/div>\n\t\t\t\t<div class=\"elementor-element elementor-element-af01a25 elementor-column elementor-col-50 elementor-top-column\" data-id=\"af01a25\" data-element_type=\"column\">\n\t\t\t<div class=\"elementor-column-wrap  elementor-element-populated\">\n\t\t\t\t\t<div class=\"elementor-widget-wrap\">\n\t\t\t\t<div class=\"elementor-element elementor-element-c770a6e elementor-widget elementor-widget-image\" data-id=\"c770a6e\" data-element_type=\"widget\" data-widget_type=\"image.default\">\n\t\t\t\t<div class=\"elementor-widget-container\">\n\t\t\t\t\t<div class=\"elementor-image\">\n\t\t\t\t\t\t\t<figure class=\"wp-caption\">\n\t\t\t\t\t\t\t\t\t\t<img decoding=\"async\" src=\"http:\/\/elecdomotique.fr\/wp-content\/uploads\/elementor\/thumbs\/raccord-effectu\u00e9-e1588065797357-ooq6f838vp8knmmpv18h5yclpitmc0g4xjh6tnayko.jpg\" title=\"raccord effectu\u00e9\" alt=\"raccord effectu\u00e9\" \/>\t\t\t\t\t\t\t\t\t\t\t<figcaption class=\"widget-image-caption wp-caption-text\">Raccord effectu\u00e9, cuivre et \u00e9lectricit\u00e9 <\/figcaption>\n\t\t\t\t\t\t\t\t\t\t<\/figure>\n\t\t\t\t\t<\/div>\n\t\t\t\t<\/div>\n\t\t\t\t<\/div>\n\t\t\t\t\t\t<\/div>\n\t\t\t<\/div>\n\t\t<\/div>\n\t\t\t\t\t\t<\/div>\n\t\t\t<\/div>\n\t\t<\/section>\n\t\t\t\t<section class=\"elementor-element elementor-element-7785fdb elementor-section-boxed elementor-section-height-default elementor-section-height-default elementor-section elementor-top-section\" data-id=\"7785fdb\" data-element_type=\"section\">\n\t\t\t\t\t\t<div class=\"elementor-container elementor-column-gap-default\">\n\t\t\t\t<div class=\"elementor-row\">\n\t\t\t\t<div class=\"elementor-element elementor-element-543af79 elementor-column elementor-col-100 elementor-top-column\" data-id=\"543af79\" data-element_type=\"column\">\n\t\t\t<div class=\"elementor-column-wrap  elementor-element-populated\">\n\t\t\t\t\t<div class=\"elementor-widget-wrap\">\n\t\t\t\t<div class=\"elementor-element elementor-element-539ed8e elementor-widget elementor-widget-text-editor\" data-id=\"539ed8e\" data-element_type=\"widget\" data-widget_type=\"text-editor.default\">\n\t\t\t\t<div class=\"elementor-widget-container\">\n\t\t\t\t\t<div class=\"elementor-text-editor elementor-clearfix\"><h2 data-start=\"166\" data-end=\"242\">\u26a1 Mise en service d\u2019un climatiseur \u2013 Installation compl\u00e8te et s\u00e9curis\u00e9e<\/h2><p data-start=\"244\" data-end=\"315\">Avant toute <strong data-start=\"256\" data-end=\"275\">mise en service<\/strong>, il est n\u00e9cessaire d\u2019avoir install\u00e9 :<\/p><ul data-start=\"316\" data-end=\"422\"><li data-start=\"316\" data-end=\"369\"><p data-start=\"318\" data-end=\"369\"><strong data-start=\"318\" data-end=\"340\">L\u2019unit\u00e9 int\u00e9rieure<\/strong> dans la pi\u00e8ce \u00e0 climatiser<\/p><\/li><li data-start=\"370\" data-end=\"422\"><p data-start=\"372\" data-end=\"422\"><strong data-start=\"372\" data-end=\"394\">L\u2019unit\u00e9 ext\u00e9rieure<\/strong> \u00e0 l\u2019ext\u00e9rieur du logement<\/p><\/li><\/ul><h3 data-start=\"424\" data-end=\"451\">\ud83d\udd39 \u00c9tapes pr\u00e9paratoires<\/h3><ol data-start=\"452\" data-end=\"793\"><li data-start=\"452\" data-end=\"531\"><p data-start=\"455\" data-end=\"531\"><strong data-start=\"455\" data-end=\"488\">Pose des conduits et supports<\/strong> : goulottes, cuivre, c\u00e2bles \u00e9lectriques.<\/p><\/li><li data-start=\"532\" data-end=\"622\"><p data-start=\"535\" data-end=\"622\"><strong data-start=\"535\" data-end=\"582\">Installation de l\u2019\u00e9vacuation des condensats<\/strong> pour r\u00e9cup\u00e9rer l\u2019eau de condensation.<\/p><\/li><li data-start=\"623\" data-end=\"793\"><p data-start=\"626\" data-end=\"793\"><strong data-start=\"626\" data-end=\"668\">Cr\u00e9ation d\u2019une ligne \u00e9lectrique d\u00e9di\u00e9e<\/strong> : raccord\u00e9e \u00e0 un disjoncteur adapt\u00e9 \u00e0 la section des fils du climatiseur, conform\u00e9ment aux normes \u00e9lectriques NF C\u202f15\u2011100.<\/p><\/li><\/ol><h3 data-start=\"795\" data-end=\"817\">\ud83d\udd39 Mise en service<\/h3><p data-start=\"818\" data-end=\"847\">La mise en service inclut :<\/p><ul data-start=\"848\" data-end=\"1213\"><li data-start=\"848\" data-end=\"933\"><p data-start=\"850\" data-end=\"933\"><strong data-start=\"850\" data-end=\"877\">Raccordement des unit\u00e9s<\/strong> (int\u00e9rieure et ext\u00e9rieure) via les conduits de cuivre<\/p><\/li><li data-start=\"934\" data-end=\"1013\"><p data-start=\"936\" data-end=\"1013\"><strong data-start=\"936\" data-end=\"994\">Branchement des c\u00e2bles \u00e9lectriques et de communication<\/strong> entre les unit\u00e9s<\/p><\/li><li data-start=\"1014\" data-end=\"1120\"><p data-start=\"1016\" data-end=\"1120\"><strong data-start=\"1016\" data-end=\"1055\">Contr\u00f4le de l\u2019\u00e9tanch\u00e9it\u00e9 du circuit<\/strong> : tests de fuites au moyen d\u2019azote et d\u00e9tecteurs \u00e9lectroniques<\/p><\/li><li data-start=\"1121\" data-end=\"1213\"><p data-start=\"1123\" data-end=\"1213\">V\u00e9rification du <strong data-start=\"1139\" data-end=\"1165\">fonctionnement optimal<\/strong> du climatiseur (chauffage et refroidissement)<\/p><\/li><\/ul><blockquote data-start=\"1215\" data-end=\"1377\"><p data-start=\"1217\" data-end=\"1377\">\ud83d\udca1 Une mise en service professionnelle garantit la <strong data-start=\"1268\" data-end=\"1310\">s\u00e9curit\u00e9, l\u2019efficacit\u00e9 et la long\u00e9vit\u00e9<\/strong> de votre installation, tout en respectant les normes en vigueur.<\/p><\/blockquote><\/div>\n\t\t\t\t<\/div>\n\t\t\t\t<\/div>\n\t\t\t\t\t\t<\/div>\n\t\t\t<\/div>\n\t\t<\/div>\n\t\t\t\t\t\t<\/div>\n\t\t\t<\/div>\n\t\t<\/section>\n\t\t\t\t<section class=\"elementor-element elementor-element-b2172e8 elementor-section-boxed elementor-section-height-default elementor-section-height-default elementor-section elementor-top-section\" data-id=\"b2172e8\" data-element_type=\"section\">\n\t\t\t\t\t\t<div class=\"elementor-container elementor-column-gap-default\">\n\t\t\t\t<div class=\"elementor-row\">\n\t\t\t\t<div class=\"elementor-element elementor-element-42ccb5f elementor-column elementor-col-100 elementor-top-column\" data-id=\"42ccb5f\" data-element_type=\"column\">\n\t\t\t<div class=\"elementor-column-wrap  elementor-element-populated\">\n\t\t\t\t\t<div class=\"elementor-widget-wrap\">\n\t\t\t\t<div class=\"elementor-element elementor-element-47fb196 elementor-widget elementor-widget-text-editor\" data-id=\"47fb196\" data-element_type=\"widget\" data-widget_type=\"text-editor.default\">\n\t\t\t\t<div class=\"elementor-widget-container\">\n\t\t\t\t\t<div class=\"elementor-text-editor elementor-clearfix\"><h2 data-start=\"221\" data-end=\"310\">\u26a1 Mise en service de climatiseur \u2013 R\u00e9alis\u00e9e uniquement par un professionnel qualifi\u00e9<\/h2><p data-start=\"312\" data-end=\"512\">La <strong data-start=\"315\" data-end=\"351\">mise en service d\u2019un climatiseur<\/strong> <strong data-start=\"352\" data-end=\"423\">ne peut l\u00e9galement \u00eatre effectu\u00e9e que par un professionnel certifi\u00e9<\/strong>, titulaire de l\u2019<strong data-start=\"440\" data-end=\"509\">attestation de capacit\u00e9 pour la manipulation des gaz frigorig\u00e8nes<\/strong>.<\/p><p data-start=\"514\" data-end=\"769\">M\u00eame si vous achetez un climatiseur avec raccord rapide dans un magasin de bricolage ou sur internet, <strong data-start=\"616\" data-end=\"671\">la loi vous oblige \u00e0 faire appel \u00e0 un professionnel<\/strong> pour la mise en service. Toute tentative de mise en service par un particulier peut provoquer :<\/p><ul data-start=\"770\" data-end=\"878\"><li data-start=\"770\" data-end=\"796\"><p data-start=\"772\" data-end=\"796\">des <strong data-start=\"776\" data-end=\"793\">fuites de gaz<\/strong>,<\/p><\/li><li data-start=\"797\" data-end=\"844\"><p data-start=\"799\" data-end=\"844\">un <strong data-start=\"802\" data-end=\"841\">dysfonctionnement de l\u2019installation<\/strong>,<\/p><\/li><li data-start=\"845\" data-end=\"878\"><p data-start=\"847\" data-end=\"878\">ou des <strong data-start=\"854\" data-end=\"875\">sanctions l\u00e9gales<\/strong>.<\/p><\/li><\/ul><hr data-start=\"880\" data-end=\"883\" \/><h3 data-start=\"885\" data-end=\"931\">\ud83d\udd39 Pourquoi faire appel \u00e0 un professionnel<\/h3><ol data-start=\"932\" data-end=\"1459\"><li data-start=\"932\" data-end=\"1064\"><p data-start=\"935\" data-end=\"1064\"><strong data-start=\"935\" data-end=\"971\">Raccordement complet et s\u00e9curis\u00e9<\/strong> : liaison des unit\u00e9s int\u00e9rieure et ext\u00e9rieure, c\u00e2bles \u00e9lectriques et tuyaux de condensats.<\/p><\/li><li data-start=\"1065\" data-end=\"1160\"><p data-start=\"1068\" data-end=\"1160\"><strong data-start=\"1068\" data-end=\"1094\">Contr\u00f4le r\u00e9glementaire<\/strong> : tests de fuites au moyen d\u2019azote et d\u00e9tecteurs \u00e9lectroniques.<\/p><\/li><li data-start=\"1161\" data-end=\"1322\"><p data-start=\"1164\" data-end=\"1322\"><strong data-start=\"1164\" data-end=\"1186\">Respect des normes<\/strong> : distances et positionnement des unit\u00e9s selon le fabricant, cr\u00e9ation d\u2019une ligne \u00e9lectrique d\u00e9di\u00e9e, respect de la norme NF\u202fC\u202f15\u2011100.<\/p><\/li><li data-start=\"1323\" data-end=\"1459\"><p data-start=\"1326\" data-end=\"1459\"><strong data-start=\"1326\" data-end=\"1352\">S\u00e9curit\u00e9 et durabilit\u00e9<\/strong> : garantit le bon fonctionnement du climatiseur et prot\u00e8ge votre logement contre tout risque d\u2019incident.<\/p><\/li><\/ol><blockquote data-start=\"1461\" data-end=\"1621\"><p data-start=\"1463\" data-end=\"1621\">\ud83d\udca1 M\u00eame avec des vid\u00e9os ou tutoriels en ligne, <strong data-start=\"1510\" data-end=\"1573\">la mise en service doit rester l\u2019apanage d\u2019un professionnel<\/strong> pour \u00e9viter tout risque de fuite ou de panne.<\/p><\/blockquote><\/div>\n\t\t\t\t<\/div>\n\t\t\t\t<\/div>\n\t\t\t\t\t\t<\/div>\n\t\t\t<\/div>\n\t\t<\/div>\n\t\t\t\t\t\t<\/div>\n\t\t\t<\/div>\n\t\t<\/section>\n\t\t\t\t<section class=\"elementor-element elementor-element-a20d0c1 elementor-section-boxed elementor-section-height-default elementor-section-height-default elementor-section elementor-top-section\" data-id=\"a20d0c1\" data-element_type=\"section\">\n\t\t\t\t\t\t<div class=\"elementor-container elementor-column-gap-default\">\n\t\t\t\t<div class=\"elementor-row\">\n\t\t\t\t<div class=\"elementor-element elementor-element-5987d7a elementor-column elementor-col-100 elementor-top-column\" data-id=\"5987d7a\" data-element_type=\"column\">\n\t\t\t<div class=\"elementor-column-wrap  elementor-element-populated\">\n\t\t\t\t\t<div class=\"elementor-widget-wrap\">\n\t\t\t\t<div class=\"elementor-element elementor-element-4a2bc4b elementor-widget elementor-widget-text-editor\" data-id=\"4a2bc4b\" data-element_type=\"widget\" data-widget_type=\"text-editor.default\">\n\t\t\t\t<div class=\"elementor-widget-container\">\n\t\t\t\t\t<div class=\"elementor-text-editor elementor-clearfix\"><\/div>\n\t\t\t\t<\/div>\n\t\t\t\t<\/div>\n\t\t\t\t\t\t<\/div>\n\t\t\t<\/div>\n\t\t<\/div>\n\t\t\t\t\t\t<\/div>\n\t\t\t<\/div>\n\t\t<\/section>\n\t\t\t\t<section class=\"elementor-element elementor-element-fe864e3 elementor-section-boxed elementor-section-height-default elementor-section-height-default elementor-section elementor-top-section\" data-id=\"fe864e3\" data-element_type=\"section\">\n\t\t\t\t\t\t<div class=\"elementor-container elementor-column-gap-default\">\n\t\t\t\t<div class=\"elementor-row\">\n\t\t\t\t<div class=\"elementor-element elementor-element-f548468 elementor-column elementor-col-100 elementor-top-column\" data-id=\"f548468\" data-element_type=\"column\">\n\t\t\t<div class=\"elementor-column-wrap  elementor-element-populated\">\n\t\t\t\t\t<div class=\"elementor-widget-wrap\">\n\t\t\t\t<div class=\"elementor-element elementor-element-e01fddd elementor-widget elementor-widget-text-editor\" data-id=\"e01fddd\" data-element_type=\"widget\" data-widget_type=\"text-editor.default\">\n\t\t\t\t<div class=\"elementor-widget-container\">\n\t\t\t\t\t<div class=\"elementor-text-editor elementor-clearfix\"><h1 style=\"text-align: center;\"><em><strong>EXPERT ELEC CLIM RECHERCHE DE FUITE PASCAL PETRY 06 79 66 00 75<\/strong><\/em>\u00a0<\/h1><\/div>\n\t\t\t\t<\/div>\n\t\t\t\t<\/div>\n\t\t\t\t\t\t<\/div>\n\t\t\t<\/div>\n\t\t<\/div>\n\t\t\t\t\t\t<\/div>\n\t\t\t<\/div>\n\t\t<\/section>\n\t\t\t\t<section class=\"elementor-element elementor-element-6e99faa elementor-section-boxed elementor-section-height-default elementor-section-height-default elementor-section elementor-top-section\" data-id=\"6e99faa\" data-element_type=\"section\">\n\t\t\t\t\t\t<div class=\"elementor-container elementor-column-gap-default\">\n\t\t\t\t<div class=\"elementor-row\">\n\t\t\t\t<div class=\"elementor-element elementor-element-34459dd elementor-column elementor-col-100 elementor-top-column\" data-id=\"34459dd\" data-element_type=\"column\">\n\t\t\t<div class=\"elementor-column-wrap  elementor-element-populated\">\n\t\t\t\t\t<div class=\"elementor-widget-wrap\">\n\t\t\t\t<div class=\"elementor-element elementor-element-14bd5e9 elementor-widget elementor-widget-google_maps\" data-id=\"14bd5e9\" data-element_type=\"widget\" data-widget_type=\"google_maps.default\">\n\t\t\t\t<div class=\"elementor-widget-container\">\n\t\t\t<div class=\"elementor-custom-embed\"><iframe frameborder=\"0\" scrolling=\"no\" marginheight=\"0\" marginwidth=\"0\" src=\"https:\/\/maps.google.com\/maps?q=haute%20vigneulles&amp;t=m&amp;z=10&amp;output=embed&amp;iwloc=near\" aria-label=\"haute vigneulles\"><\/iframe><\/div>\t\t<\/div>\n\t\t\t\t<\/div>\n\t\t\t\t\t\t<\/div>\n\t\t\t<\/div>\n\t\t<\/div>\n\t\t\t\t\t\t<\/div>\n\t\t\t<\/div>\n\t\t<\/section>\n\t\t\t\t\t\t<\/div>\n\t\t\t<\/div>\n\t\t<\/div>\n\t\t    <!-- sktbuilder starter --><script type=\"text\/javascript\" src=\"http:\/\/elecdomotique.fr\/wp-content\/plugins\/skt-builder\/sktbuilder\/sktbuilder-frontend-starter.js\"><\/script><script type=\"text\/javascript\" src=\"http:\/\/elecdomotique.fr\/wp-content\/plugins\/skt-builder\/sktbuilder-wordpress-driver.js\"><\/script><script type=\"text\/javascript\"> var starter = new SktbuilderStarter({\"mode\": \"prod\", \"skip\":[\"jquery\",\"underscore\",\"backbone\"],\"sktbuilderUrl\": \"http:\/\/elecdomotique.fr\/wp-content\/plugins\/skt-builder\/sktbuilder\/\", \"driver\": new SktbuilderWordpressDriver({\"ajaxUrl\": \"http:\/\/elecdomotique.fr\/wp-admin\/admin-ajax.php\", \"iframeUrl\": \"http:\/\/elecdomotique.fr\/?page_id=52&sktbuilder=true\", \"pageId\": 52, \"pages\": [{\"title\":\"ELECDOMOTIQUE - Climatisation, Electricit\\u00e9 g\\u00e9n\\u00e9rale & Confort thermique en Moselle Travail propre, installations durables et conseils personnalis\\u00e9s depuis 2013\",\"url\":\"http:\\\/\\\/elecdomotique.fr\\\/wp-admin\\\/post.php?post=73&action=sktbuilder\"},{\"title\":\"Climatisation Daikin : Confort, Silence et \\u00c9conomie d\\u2019\\u00c9nergie\",\"url\":\"http:\\\/\\\/elecdomotique.fr\\\/wp-admin\\\/post.php?post=1417&action=sktbuilder\"}], \"page\": \"MISE EN SERVICE\" }) });<\/script><!-- end sktbuilder starter -->","protected":false},"excerpt":{"rendered":"<p>Proc\u00e9dure de mise en service climatiseur Moselle \u2013 Installation par professionnel qualifi\u00e9 UNIT\u00c9 INT\u00c9RIEURE CLIMATISEUR MONO-SPLIT, en attente de mise en service UNIT\u00c9 EXT\u00c9RIEURE CLIMATISEUR MONO-SPLIT, en attente de mise en service Raccordement du cuivre sur l&rsquo;unit\u00e9 ext\u00e9rieure Raccord effectu\u00e9, cuivre et \u00e9lectricit\u00e9 \u26a1 Mise en service d\u2019un climatiseur \u2013 Installation compl\u00e8te et s\u00e9curis\u00e9e Avant [&hellip;]<\/p>\n","protected":false},"author":1,"featured_media":0,"parent":0,"menu_order":0,"comment_status":"closed","ping_status":"closed","template":"","meta":{"footnotes":""},"class_list":["post-52","page","type-page","status-publish","hentry"],"_links":{"self":[{"href":"http:\/\/elecdomotique.fr\/index.php?rest_route=\/wp\/v2\/pages\/52","targetHints":{"allow":["GET"]}}],"collection":[{"href":"http:\/\/elecdomotique.fr\/index.php?rest_route=\/wp\/v2\/pages"}],"about":[{"href":"http:\/\/elecdomotique.fr\/index.php?rest_route=\/wp\/v2\/types\/page"}],"author":[{"embeddable":true,"href":"http:\/\/elecdomotique.fr\/index.php?rest_route=\/wp\/v2\/users\/1"}],"replies":[{"embeddable":true,"href":"http:\/\/elecdomotique.fr\/index.php?rest_route=%2Fwp%2Fv2%2Fcomments&post=52"}],"version-history":[{"count":74,"href":"http:\/\/elecdomotique.fr\/index.php?rest_route=\/wp\/v2\/pages\/52\/revisions"}],"predecessor-version":[{"id":1377,"href":"http:\/\/elecdomotique.fr\/index.php?rest_route=\/wp\/v2\/pages\/52\/revisions\/1377"}],"wp:attachment":[{"href":"http:\/\/elecdomotique.fr\/index.php?rest_route=%2Fwp%2Fv2%2Fmedia&parent=52"}],"curies":[{"name":"wp","href":"https:\/\/api.w.org\/{rel}","templated":true}]}}