{"id":582,"date":"2020-05-26T19:12:57","date_gmt":"2020-05-26T17:12:57","guid":{"rendered":"http:\/\/elecdomotique.fr\/?page_id=582"},"modified":"2020-10-15T20:25:41","modified_gmt":"2020-10-15T18:25:41","slug":"rgpd","status":"publish","type":"page","link":"http:\/\/elecdomotique.fr\/?page_id=582","title":{"rendered":"RGPD"},"content":{"rendered":"\t\t<div data-elementor-type=\"wp-page\" data-elementor-id=\"582\" class=\"elementor elementor-582\" data-elementor-settings=\"[]\">\n\t\t\t<div class=\"elementor-inner\">\n\t\t\t\t<div class=\"elementor-section-wrap\">\n\t\t\t\t\t\t\t<section class=\"elementor-element elementor-element-64a9572 elementor-section-boxed elementor-section-height-default elementor-section-height-default elementor-section elementor-top-section\" data-id=\"64a9572\" data-element_type=\"section\">\n\t\t\t\t\t\t<div class=\"elementor-container elementor-column-gap-default\">\n\t\t\t\t<div class=\"elementor-row\">\n\t\t\t\t<div class=\"elementor-element elementor-element-1757f6a elementor-column elementor-col-100 elementor-top-column\" data-id=\"1757f6a\" data-element_type=\"column\">\n\t\t\t<div class=\"elementor-column-wrap  elementor-element-populated\">\n\t\t\t\t\t<div class=\"elementor-widget-wrap\">\n\t\t\t\t<div class=\"elementor-element elementor-element-9d9b09d elementor-widget elementor-widget-text-editor\" data-id=\"9d9b09d\" data-element_type=\"widget\" data-widget_type=\"text-editor.default\">\n\t\t\t\t<div class=\"elementor-widget-container\">\n\t\t\t\t\t<div class=\"elementor-text-editor elementor-clearfix\"><p>Lors de votre navigation sur notre site internet, vous \u00eates amen\u00e9s \u00e0 nous communiquer des donn\u00e9es personnelles.<\/p>\n<p><strong>ELECDOMOTIQUE<\/strong>\u00a0vous remercie de votre confiance et tient \u00e0 vous informer sur l\u2019utilisation qui sera faite de vos donn\u00e9es ainsi que sur vos droits.<\/p>\n<p>Le Responsable de traitement des donn\u00e9es \u00e0 caract\u00e8re personnel est la soci\u00e9t\u00e9 ELECDOMOTIQUE dont vous trouvez les coordonn\u00e9es dans les mentions l\u00e9gales.<\/p>\n<ol>\n<li>Finalit\u00e9<\/li>\n<\/ol>\n<p>Les donn\u00e9es \u00e0 caract\u00e8re personnel collect\u00e9es sur ce site, sont trait\u00e9es apr\u00e8s information de la personne concern\u00e9e. Ces donn\u00e9es sont utilis\u00e9es pour vous tenir inform\u00e9 des produits et services ELECDOMOTIQUE<strong>\u00a0<\/strong>et pour traiter vos demandes.<\/p>\n<ol start=\"2\">\n<li>Collecte des donn\u00e9es<\/li>\n<\/ol>\n<p>Les donn\u00e9es collect\u00e9es sont celles que vous nous fournissez directement sur notre site dans une rubrique de type \u00ab\u00a0Contact\u00a0\u00bb, en vous inscrivant \u00e0 une de nos newsletters ou en vous inscrivant sur une de nos applications en ligne.<\/p>\n<p><strong>ELECDOMOTIQUE <\/strong>peut recueillir vos donn\u00e9es indirectement lorsque vous suivez nos pages sur les r\u00e9seaux sociaux sur lesquelles vous avez communiqu\u00e9s des informations publiques.<\/p>\n<p>\u00a0<\/p>\n<ol start=\"3\">\n<li>Cat\u00e9gorie de donn\u00e9es<\/li>\n<\/ol>\n<p>Les cat\u00e9gories de donn\u00e9es personnelles recueillies peuvent comprendre : des donn\u00e9es d\u2019identification (civilit\u00e9, pr\u00e9nom, nom), des donn\u00e9es de contact (adresse postale, email, t\u00e9l\u00e9phone fixe, t\u00e9l\u00e9phone mobile), des donn\u00e9es de confirmation de paiement, des donn\u00e9es de connexion sur nos sites, newsletters et autres applications en ligne.<\/p>\n<ol start=\"4\">\n<li>Destinataires des donn\u00e9es<\/li>\n<\/ol>\n<p>Les donn\u00e9es personnelles collect\u00e9es sont utilis\u00e9es par les services <strong>Commercial et Marketing ELECDOMOTIQUE<\/strong>\u00a0pour vous apporter les r\u00e9ponses que vous demandez et les informations que vous souhaitez.<\/p>\n<p>Elles peuvent \u00eatre transmises le cas \u00e9ch\u00e9ant \u00e0 nos partenaires techniques, \u00e0 condition qu\u2019ils garantissent le niveau de conformit\u00e9 requis par la r\u00e9glementation en vigueur, et ce uniquement si vous y consentez ou pour effectuer un traitement identique et dans les m\u00eames finalit\u00e9s que ce \u00e0 quoi vous nous y avez autoris\u00e9.<\/p>\n<p>Nos prestataires et partenaires techniques ne sont pas autoris\u00e9s \u00e0 utiliser ces donn\u00e9es \u00e0 une autre fin que celle signal\u00e9e lors de leur recueil.<\/p>\n<ol start=\"5\">\n<li>Dur\u00e9e de conservation<\/li>\n<\/ol>\n<p>Les donn\u00e9es sont conserv\u00e9es <strong>X<\/strong> ans.<\/p>\n<ol start=\"6\">\n<li>S\u00e9curit\u00e9<\/li>\n<\/ol>\n<p>Les donn\u00e9es personnelles recueillies sont trait\u00e9es dans notre syst\u00e8me d\u2019information prot\u00e9g\u00e9 selon des\u00a0protocoles s\u00e9curis\u00e9s.<\/p>\n<p><strong>ELECDOMOTIQUE<\/strong>\u00a0met en \u0153uvre toutes les mesures de s\u00e9curit\u00e9 techniques et organisationnelles appropri\u00e9es pour assurer la s\u00e9curit\u00e9, l\u2019int\u00e9grit\u00e9 et la confidentialit\u00e9 de vos donn\u00e9es personnelles et pr\u00e9venir toute \u00e9ventuelle destruction, perte, alt\u00e9ration, divulgation, intrusion ou acc\u00e8s non autoris\u00e9 \u00e0 ces donn\u00e9es, de mani\u00e8re accidentelle ou illicite.<\/p>\n<p>Conform\u00e9ment \u00e0 la r\u00e9glementation, ELECDOMOTIQUE a mis en place une proc\u00e9dure de notification en cas de violations de donn\u00e9es \u00e0 caract\u00e8re personnel.<\/p>\n<ol start=\"7\">\n<li>Vos droits<\/li>\n<\/ol>\n<p>Conform\u00e9ment \u00e0 la loi \u00ab informatique et libert\u00e9s \u00bb et au R\u00e8glement 2016\/679 du 27 avril 2016 relatif au traitement des donn\u00e9es \u00e0 caract\u00e8re personnel, vous disposez d\u2019un droit d\u2019acc\u00e8s, de rectification, d\u2019effacement, de limitation du traitement des donn\u00e9es personnelles vous concernant. Vous pouvez \u00e9galement en demander la portabilit\u00e9.<\/p>\n<p>Vous pouvez exercer vos droits en nous adressant un courrier \u00e9lectronique \u00e0 <strong>Mail ou<\/strong> un courrier papier \u00e0 ELECDOMOTIQUE<strong> \u2013 climelec@yahoo.com<\/strong><\/p>\n<p>Vous avez la possibilit\u00e9 d\u2019introduire une r\u00e9clamation aupr\u00e8s de la CNIL si vous estimez que ce traitement de donn\u00e9es \u00e0 caract\u00e8re personnel ne r\u00e9pond pas aux exigences l\u00e9gales en vigueur.<\/p>\n<ol start=\"8\">\n<li>Transfert hors UE<\/li>\n<\/ol>\n<p>Nous ne transf\u00e9rons pas de donn\u00e9es \u00e0 caract\u00e8re personnel en dehors du territoire de l\u2019espace \u00e9conomique europ\u00e9en (EEE). Toutefois, nous pouvons autoriser un tel transfert sous r\u00e9serve du respect des dispositions l\u00e9gislatives nationales et europ\u00e9ennes en vigueur, via la signature de Clauses Contractuelles Types.<\/p>\n<ol start=\"9\">\n<li>Les Cookies<\/li>\n<\/ol>\n<p>Cette rubrique vous permet de conna\u00eetre et comprendre l\u2019origine et l\u2019usage des informations de navigation trait\u00e9es \u00e0 l\u2019occasion de votre consultation de notre site et sur vos droits. En effet, lors de la consultation de notre site, des informations relatives \u00e0 la navigation de votre terminal sur notre site, sont susceptibles d\u2019\u00eatre enregistr\u00e9es dans des fichiers \u00ab Cookies \u00bb install\u00e9s sur votre terminal sous r\u00e9serve de vos choix. Ces cookies nous permettront de reconna\u00eetre le navigateur de votre terminal pendant la dur\u00e9e de validit\u00e9 du cookie concern\u00e9. Les cookies d\u00e9pos\u00e9s sur votre terminal le sont exclusivement par ELECDOMOTIQUE<strong>.<\/strong> Quel que soit le type de cookie \u00e9mis, celui-ci n\u2019est lisible que par son \u00e9metteur.<\/p>\n<p>Pourquoi des cookies ?<\/p>\n<p>Les cookies ELECDOMOTIQUE d\u00e9pose sur votre navigateur permettent de :<\/p>\n<ul>\n<li>Etablir des statistiques de fr\u00e9quentation et d\u2019utilisation de diverses parties de notre site et de conna\u00eetre ainsi votre int\u00e9r\u00eat pour ces diff\u00e9rentes parties ;<\/li>\n<li>Adapter la pr\u00e9sentation de notre site aux pr\u00e9f\u00e9rences d\u2019affichage de votre terminal (langue utilis\u00e9e, r\u00e9solution d\u2019affichage, syst\u00e8me d\u2019exploitation utilis\u00e9\u2026) lors de vos visites successives sur notre site ;<\/li>\n<li>M\u00e9moriser des informations relatives \u00e0 un formulaire que vous avez rempli sur notre site (acc\u00e8s \u00e0 votre compte par exemple) ;<\/li>\n<li>Vous permettre d\u2019acc\u00e9der \u00e0 des espaces r\u00e9serv\u00e9s et personnels de notre site, tels que votre compte, gr\u00e2ce \u00e0 vos identifiants ;<\/li>\n<li>Mettre en \u0153uvre des mesures de s\u00e9curit\u00e9, par exemple lorsqu\u2019il vous est demand\u00e9 de vous connecter \u00e0 nouveau \u00e0 un contenu ou \u00e0 un service apr\u00e8s un certain laps de temps.<\/li>\n<\/ul>\n<p>Les cookies d\u00e9pos\u00e9s par nos partenaires sont des cookies de mesure d\u2019audience et de partage de contenu sur les r\u00e9seaux sociaux.<\/p>\n<p>G\u00e9rer vos cookies<\/p>\n<p>Le param\u00e9trage des cookies peut s\u2019op\u00e9rer directement par vous sur votre navigateur. Ce param\u00e9trage est susceptible de modifier votre navigation sur Internet et vos conditions d\u2019acc\u00e8s \u00e0 certains services n\u00e9cessitant l\u2019utilisation de Cookies. Ces choix sont constamment modifiables par vous. Ainsi, vous pouvez configurer votre navigateur pour accepter ou rejeter les cookies. Vous pouvez \u00e9galement \u00e0 tout moment effacer les cookies d\u00e9pos\u00e9s. Nous attirons votre attention sur le fait que certaines fonctionnalit\u00e9s pourraient \u00eatre d\u00e9grad\u00e9es ou inaccessibles si vous effacez ou refusez les cookies sur votre terminal.<\/p>\n<p>Comment param\u00e9trer votre navigateur ?<\/p>\n<p>Chaque navigateur dispose d\u2019une configuration propre.<\/p>\n<p>Dans tous les cas, on acc\u00e8de au param\u00e9trage par le menu du navigateur.<\/p>\n<p><em>Les informations ci-dessous sont susceptibles d\u2019\u00eatre modifi\u00e9es selon les versions install\u00e9es des navigateurs<\/em>.<\/p>\n<p>Pour\u00a0<strong>Internet Explorer<\/strong>\u2122 : S\u00e9lectionnez l\u2019onglet \u00ab Outils \u00bb du menu, puis \u00ab Options internet \u00bb ; cliquez sur l\u2019onglet Confidentialit\u00e9 et choisissez le niveau souhait\u00e9.<\/p>\n<p>Pour\u00a0<strong>Firefox<\/strong>\u2122 : S\u00e9lectionnez l\u2019onglet \u00ab Outils \u00bb du menu, puis \u00ab Options \u00bb ; cliquez sur l\u2019onglet Vie priv\u00e9e et s\u00e9lectionnez l\u2019option souhait\u00e9e.<\/p>\n<p>Pour\u00a0<strong>Chrome<\/strong>\u2122 : ouvrez le \u00ab menu de configuration \u00bb, puis s\u00e9lectionnez \u00ab Param\u00e8tres \u00bb ; cliquez sur \u00ab Param\u00e8tres avanc\u00e9s \u00bb puis sur \u00ab Param\u00e8tres de contenu \u00bb et s\u00e9lectionnez l\u2019option souhait\u00e9e.<\/p>\n<p>Pour\u00a0<strong>Safari<\/strong>\u2122 : S\u00e9lectionnez \u00ab Pr\u00e9f\u00e9rences \u00bb puis cliquez sur \u00ab S\u00e9curit\u00e9 \u00bb ; cliquez sur \u00ab Afficher les cookies \u00bb et s\u00e9lectionnez l\u2019option souhait\u00e9e.<\/p>\n<p>Le mode \u00ab Navigation priv\u00e9e \u00bb, propos\u00e9 aujourd\u2019hui par l\u2019ensemble des navigateurs, permet \u00e9galement de supprimer les cookies enregistr\u00e9s lors de la fermeture de la session du navigateur.<\/p>\n<p>Les boutons applicatifs des r\u00e9seaux sociaux pr\u00e9sents sur les pages des sites et contenus de communication ELECDOMOTIQUE<\/p>\n<p>Certaines pages de nos sites ou de nos communications directes et autres newsletters utilisent des applications informatiques provenant de tiers.<br \/>Ces applications tierces qui ne sont pas sous le contr\u00f4le de ELECDOMOTIQUE<strong>\u00a0<\/strong>permettent \u00e0 l\u2019internaute qui le souhaite, de partager et commenter les contenus qu\u2019il consulte.<\/p>\n<p>Ainsi, il peut :<\/p>\n<ul>\n<li>Partager avec d\u2019autres personnes dans le cadre de r\u00e9seaux sociaux d\u00e9j\u00e0 \u00e9tablis, les contenus qu\u2019il choisit.<\/li>\n<li>Faire conna\u00eetre aux personnes avec lesquelles il est d\u00e9j\u00e0 en relation dans le cadre de r\u00e9seaux sociaux, une opinion, un avis, un commentaire, une appr\u00e9ciation sur le contenu propos\u00e9 par les sites. Il s\u2019agit par exemple de l\u2019utilisation des boutons \u00ab Partager \u00bb, \u00ab J\u2019aime \u00bb propos\u00e9s par Facebook, Twitter\u2026<\/li>\n<\/ul>\n<p>Lorsqu\u2019un internaute consulte une page contenant un bouton portant le symbole de Facebook, LinkedIn, Twitter\u2026 ou tout autre r\u00e9seau social, le navigateur du terminal de connexion utilis\u00e9 pour \u00e9tablir la connexion \u00e0 internet va se connecter directement sur chaque serveur des r\u00e9seaux sociaux pr\u00e9sent\u00e9s :<\/p>\n<ul>\n<li>Si l\u2019internaute a choisi de rester connect\u00e9 au r\u00e9seau social pendant sa navigation sur d\u2019autres sites, alors les pages consult\u00e9es seront reli\u00e9es \u00e0 son compte utilisateur (bien qu\u2019externe au site consult\u00e9). Cette op\u00e9ration s\u2019op\u00e8re sans qu\u2019aucune autre information ne soit donn\u00e9e \u00e0 l\u2019internaute ni autre interaction de sa part.<\/li>\n<li>Si l\u2019internaute a choisi de cliquer sur un bouton de r\u00e9seau social, alors toutes les informations correspondant \u00e0 sa navigation seront transmises au r\u00e9seau social. De plus, le r\u00e9seau social publiera ces informations sur le compte utilisateur de la personne.<\/li>\n<\/ul>\n<p>Si l\u2019internaute ne souhaite pas le partage de ses informations avec les r\u00e9seaux sociaux, l\u2019internaute devra d\u00e9connecter son compte utilisateur du r\u00e9seau social avant toute ouverture de pages sur lesquelles les boutons sont propos\u00e9s.<\/p>\n<ul>\n<li>Nous vous recommandons de prendre connaissance en toute transparence des donn\u00e9es vous concernant, collect\u00e9es \u00e0 partir de ces boutons applicatifs tiers, de la finalit\u00e9 de ces collectes d\u2019informations et des moyens mis \u00e0 votre disposition pour exercer vos droits d\u2019acc\u00e8s, d\u2019opposition et de suppression dans les meilleures conditions. Pour cela, vous vous reporterez aux rubriques \u00ab Confidentialit\u00e9 et vie priv\u00e9e \u00bb des conditions d\u2019utilisation des r\u00e9seaux sociaux.<\/li>\n<\/ul>\n<p>Dur\u00e9e de vie des cookies<\/p>\n<p>Les cookies sont conserv\u00e9s au maximum 15 mois.<\/p><\/div>\n\t\t\t\t<\/div>\n\t\t\t\t<\/div>\n\t\t\t\t\t\t<\/div>\n\t\t\t<\/div>\n\t\t<\/div>\n\t\t\t\t\t\t<\/div>\n\t\t\t<\/div>\n\t\t<\/section>\n\t\t\t\t\t\t<\/div>\n\t\t\t<\/div>\n\t\t<\/div>\n\t\t    <!-- sktbuilder starter --><script type=\"text\/javascript\" src=\"http:\/\/elecdomotique.fr\/wp-content\/plugins\/skt-builder\/sktbuilder\/sktbuilder-frontend-starter.js\"><\/script><script type=\"text\/javascript\" src=\"http:\/\/elecdomotique.fr\/wp-content\/plugins\/skt-builder\/sktbuilder-wordpress-driver.js\"><\/script><script type=\"text\/javascript\"> var starter = new SktbuilderStarter({\"mode\": \"prod\", \"skip\":[\"jquery\",\"underscore\",\"backbone\"],\"sktbuilderUrl\": \"http:\/\/elecdomotique.fr\/wp-content\/plugins\/skt-builder\/sktbuilder\/\", \"driver\": new SktbuilderWordpressDriver({\"ajaxUrl\": \"http:\/\/elecdomotique.fr\/wp-admin\/admin-ajax.php\", \"iframeUrl\": \"http:\/\/elecdomotique.fr\/?page_id=582&sktbuilder=true\", \"pageId\": 582, \"pages\": [{\"title\":\"ELECDOMOTIQUE - Climatisation, Electricit\\u00e9 g\\u00e9n\\u00e9rale & Confort thermique en Moselle Travail propre, installations durables et conseils personnalis\\u00e9s depuis 2013\",\"url\":\"http:\\\/\\\/elecdomotique.fr\\\/wp-admin\\\/post.php?post=73&action=sktbuilder\"},{\"title\":\"Climatisation Daikin : Confort, Silence et \\u00c9conomie d\\u2019\\u00c9nergie\",\"url\":\"http:\\\/\\\/elecdomotique.fr\\\/wp-admin\\\/post.php?post=1417&action=sktbuilder\"}], \"page\": \"RGPD\" }) });<\/script><!-- end sktbuilder starter -->","protected":false},"excerpt":{"rendered":"<p>Lors de votre navigation sur notre site internet, vous \u00eates amen\u00e9s \u00e0 nous communiquer des donn\u00e9es personnelles. ELECDOMOTIQUE&nbsp;vous remercie de votre confiance et tient \u00e0 vous informer sur l\u2019utilisation qui sera faite de vos donn\u00e9es ainsi que sur vos droits. Le Responsable de traitement des donn\u00e9es \u00e0 caract\u00e8re personnel est la soci\u00e9t\u00e9 ELECDOMOTIQUE dont vous [&hellip;]<\/p>\n","protected":false},"author":1,"featured_media":0,"parent":0,"menu_order":0,"comment_status":"closed","ping_status":"closed","template":"","meta":{"footnotes":""},"class_list":["post-582","page","type-page","status-publish","hentry"],"_links":{"self":[{"href":"http:\/\/elecdomotique.fr\/index.php?rest_route=\/wp\/v2\/pages\/582","targetHints":{"allow":["GET"]}}],"collection":[{"href":"http:\/\/elecdomotique.fr\/index.php?rest_route=\/wp\/v2\/pages"}],"about":[{"href":"http:\/\/elecdomotique.fr\/index.php?rest_route=\/wp\/v2\/types\/page"}],"author":[{"embeddable":true,"href":"http:\/\/elecdomotique.fr\/index.php?rest_route=\/wp\/v2\/users\/1"}],"replies":[{"embeddable":true,"href":"http:\/\/elecdomotique.fr\/index.php?rest_route=%2Fwp%2Fv2%2Fcomments&post=582"}],"version-history":[{"count":5,"href":"http:\/\/elecdomotique.fr\/index.php?rest_route=\/wp\/v2\/pages\/582\/revisions"}],"predecessor-version":[{"id":649,"href":"http:\/\/elecdomotique.fr\/index.php?rest_route=\/wp\/v2\/pages\/582\/revisions\/649"}],"wp:attachment":[{"href":"http:\/\/elecdomotique.fr\/index.php?rest_route=%2Fwp%2Fv2%2Fmedia&parent=582"}],"curies":[{"name":"wp","href":"https:\/\/api.w.org\/{rel}","templated":true}]}}